{"id":45,"date":"2025-03-18T17:20:26","date_gmt":"2025-03-18T17:20:26","guid":{"rendered":"https:\/\/enviroguideal.com\/?page_id=45"},"modified":"2026-04-30T17:46:09","modified_gmt":"2026-04-30T17:46:09","slug":"services","status":"publish","type":"page","link":"https:\/\/enviroguideal.com\/index.php\/services\/","title":{"rendered":"Nos services"},"content":{"rendered":"\t\t<div data-elementor-type=\"wp-page\" data-elementor-id=\"45\" class=\"elementor elementor-45\" data-elementor-post-type=\"page\">\n\t\t\t\t<div class=\"elementor-element elementor-element-4f8a48b e-flex e-con-boxed elementor-invisible e-con e-parent\" data-id=\"4f8a48b\" data-element_type=\"container\" data-settings=\"{&quot;background_background&quot;:&quot;classic&quot;,&quot;animation&quot;:&quot;fadeInUp&quot;}\">\n\t\t\t\t\t<div class=\"e-con-inner\">\n\t\t\t\t<div class=\"elementor-element elementor-element-f150feb elementor-widget elementor-widget-heading\" data-id=\"f150feb\" data-element_type=\"widget\" data-widget_type=\"heading.default\">\n\t\t\t\t<div class=\"elementor-widget-container\">\n\t\t\t\t\t<h1 class=\"elementor-heading-title elementor-size-default\">Tous nos services<\/h1>\t\t\t\t<\/div>\n\t\t\t\t<\/div>\n\t\t\t\t\t<\/div>\n\t\t\t\t<\/div>\n\t\t<div class=\"elementor-element elementor-element-521706a e-con-full e-flex e-con e-parent\" data-id=\"521706a\" data-element_type=\"container\" data-settings=\"{&quot;background_background&quot;:&quot;classic&quot;}\">\n\t\t\t\t<div class=\"elementor-element elementor-element-201d1d8 animated-slow elementor-invisible elementor-widget elementor-widget-heading\" data-id=\"201d1d8\" data-element_type=\"widget\" data-settings=\"{&quot;_animation&quot;:&quot;slideInUp&quot;}\" data-widget_type=\"heading.default\">\n\t\t\t\t<div class=\"elementor-widget-container\">\n\t\t\t\t\t<h2 class=\"elementor-heading-title elementor-size-default\">Nos services<\/h2>\t\t\t\t<\/div>\n\t\t\t\t<\/div>\n\t\t<div class=\"elementor-element elementor-element-60c86d5 e-con-full e-flex e-con e-child\" data-id=\"60c86d5\" data-element_type=\"container\">\n\t\t<div class=\"elementor-element elementor-element-0d8f67e animated-slow e-con-full e-flex elementor-invisible e-con e-child\" data-id=\"0d8f67e\" data-element_type=\"container\" data-settings=\"{&quot;background_background&quot;:&quot;classic&quot;,&quot;animation&quot;:&quot;fadeInUp&quot;,&quot;animation_delay&quot;:600}\">\n\t\t\t\t<\/div>\n\t\t<div class=\"elementor-element elementor-element-3eab912 e-con-full e-flex e-con e-child\" data-id=\"3eab912\" data-element_type=\"container\">\n\t\t\t\t<div class=\"elementor-element elementor-element-ed8f438 elementor-widget elementor-widget-text-editor\" data-id=\"ed8f438\" data-element_type=\"widget\" data-widget_type=\"text-editor.default\">\n\t\t\t\t<div class=\"elementor-widget-container\">\n\t\t\t\t\t\t\t\t\t<p>Nous proposons une large gamme de services en lien avec les \u00e9tudes biologiques n\u00e9cessaires \u00e0 la r\u00e9alisation de divers projets (construction, am\u00e9nagement, restauration et valorisation de milieux naturels, &#8230;).<\/p><p>Notre \u00e9quipe est l\u00e0 pour vous accompagner du d\u00e9but \u00e0 la fin de votre projet.<\/p>\t\t\t\t\t\t\t\t<\/div>\n\t\t\t\t<\/div>\n\t\t\t\t<\/div>\n\t\t\t\t<\/div>\n\t\t\t\t<\/div>\n\t\t<div class=\"elementor-element elementor-element-f0f79bc e-con-full e-flex e-con e-parent\" data-id=\"f0f79bc\" data-element_type=\"container\" id=\"Caract\u00e9risations\" data-settings=\"{&quot;background_background&quot;:&quot;classic&quot;}\">\n\t\t<div class=\"elementor-element elementor-element-970c91c e-con-full e-flex e-con e-child\" data-id=\"970c91c\" data-element_type=\"container\">\n\t\t<div class=\"elementor-element elementor-element-34cf567 e-con-full e-flex e-con e-child\" data-id=\"34cf567\" data-element_type=\"container\">\n\t\t\t\t<div class=\"elementor-element elementor-element-c9f452b animated-slow elementor-invisible elementor-widget elementor-widget-heading\" data-id=\"c9f452b\" data-element_type=\"widget\" data-settings=\"{&quot;_animation&quot;:&quot;slideInUp&quot;}\" data-widget_type=\"heading.default\">\n\t\t\t\t<div class=\"elementor-widget-container\">\n\t\t\t\t\t<h2 class=\"elementor-heading-title elementor-size-default\">Caract\u00e9risations biologiques<\/h2>\t\t\t\t<\/div>\n\t\t\t\t<\/div>\n\t\t\t\t<div class=\"elementor-element elementor-element-07d7295 elementor-widget elementor-widget-text-editor\" data-id=\"07d7295\" data-element_type=\"widget\" data-widget_type=\"text-editor.default\">\n\t\t\t\t<div class=\"elementor-widget-container\">\n\t\t\t\t\t\t\t\t\t<p>Texte \u00e0 venir<\/p>\t\t\t\t\t\t\t\t<\/div>\n\t\t\t\t<\/div>\n\t\t\t\t<\/div>\n\t\t<div class=\"elementor-element elementor-element-d09fbb1 animated-slow e-con-full e-flex elementor-invisible e-con e-child\" data-id=\"d09fbb1\" data-element_type=\"container\" data-settings=\"{&quot;background_background&quot;:&quot;classic&quot;,&quot;animation&quot;:&quot;fadeInUp&quot;,&quot;animation_delay&quot;:600}\">\n\t\t\t\t<\/div>\n\t\t\t\t<\/div>\n\t\t\t\t<\/div>\n\t\t<div class=\"elementor-element elementor-element-d722878 e-con-full e-flex e-con e-parent\" data-id=\"d722878\" data-element_type=\"container\" id=\"\u00c9laboration\" data-settings=\"{&quot;background_background&quot;:&quot;classic&quot;}\">\n\t\t<div class=\"elementor-element elementor-element-2641af2 e-con-full e-flex e-con e-child\" data-id=\"2641af2\" data-element_type=\"container\">\n\t\t<div class=\"elementor-element elementor-element-be9c0c5 animated-slow e-con-full e-flex elementor-invisible e-con e-child\" data-id=\"be9c0c5\" data-element_type=\"container\" data-settings=\"{&quot;background_background&quot;:&quot;classic&quot;,&quot;animation&quot;:&quot;fadeInUp&quot;,&quot;animation_delay&quot;:600}\">\n\t\t\t\t<\/div>\n\t\t<div class=\"elementor-element elementor-element-d58c6c8 e-con-full e-flex e-con e-child\" data-id=\"d58c6c8\" data-element_type=\"container\">\n\t\t\t\t<div class=\"elementor-element elementor-element-824b46a animated-slow elementor-invisible elementor-widget elementor-widget-heading\" data-id=\"824b46a\" data-element_type=\"widget\" data-settings=\"{&quot;_animation&quot;:&quot;slideInUp&quot;}\" data-widget_type=\"heading.default\">\n\t\t\t\t<div class=\"elementor-widget-container\">\n\t\t\t\t\t<h2 class=\"elementor-heading-title elementor-size-default\">\u00c9laboration de plans de restaurations de milieux<\/h2>\t\t\t\t<\/div>\n\t\t\t\t<\/div>\n\t\t\t\t<div class=\"elementor-element elementor-element-52ef6a7 elementor-widget elementor-widget-text-editor\" data-id=\"52ef6a7\" data-element_type=\"widget\" data-widget_type=\"text-editor.default\">\n\t\t\t\t<div class=\"elementor-widget-container\">\n\t\t\t\t\t\t\t\t\t<p>Texte \u00e0 venir<\/p>\t\t\t\t\t\t\t\t<\/div>\n\t\t\t\t<\/div>\n\t\t\t\t<\/div>\n\t\t\t\t<\/div>\n\t\t<div class=\"elementor-element elementor-element-51abcc1 e-con-full e-flex e-con e-child\" data-id=\"51abcc1\" data-element_type=\"container\" id=\"Inventaires\" data-settings=\"{&quot;background_background&quot;:&quot;classic&quot;}\">\n\t\t<div class=\"elementor-element elementor-element-60fb070 e-con-full e-flex e-con e-child\" data-id=\"60fb070\" data-element_type=\"container\">\n\t\t<div class=\"elementor-element elementor-element-49cf289 e-con-full e-flex e-con e-child\" data-id=\"49cf289\" data-element_type=\"container\">\n\t\t\t\t<div class=\"elementor-element elementor-element-90f9fcc animated-slow elementor-invisible elementor-widget elementor-widget-heading\" data-id=\"90f9fcc\" data-element_type=\"widget\" data-settings=\"{&quot;_animation&quot;:&quot;slideInUp&quot;}\" data-widget_type=\"heading.default\">\n\t\t\t\t<div class=\"elementor-widget-container\">\n\t\t\t\t\t<h2 class=\"elementor-heading-title elementor-size-default\">Inventaires floristiques et fauniques<\/h2>\t\t\t\t<\/div>\n\t\t\t\t<\/div>\n\t\t\t\t<div class=\"elementor-element elementor-element-eadee0b elementor-widget elementor-widget-text-editor\" data-id=\"eadee0b\" data-element_type=\"widget\" data-widget_type=\"text-editor.default\">\n\t\t\t\t<div class=\"elementor-widget-container\">\n\t\t\t\t\t\t\t\t\t<p>Texte \u00e0 venir<\/p>\t\t\t\t\t\t\t\t<\/div>\n\t\t\t\t<\/div>\n\t\t\t\t<\/div>\n\t\t<div class=\"elementor-element elementor-element-b533daa animated-slow e-con-full e-flex elementor-invisible e-con e-child\" data-id=\"b533daa\" data-element_type=\"container\" data-settings=\"{&quot;background_background&quot;:&quot;classic&quot;,&quot;animation&quot;:&quot;fadeInUp&quot;,&quot;animation_delay&quot;:600}\">\n\t\t\t\t<\/div>\n\t\t\t\t<\/div>\n\t\t\t\t<\/div>\n\t\t\t\t<\/div>\n\t\t<div class=\"elementor-element elementor-element-5301a09 e-con-full e-flex e-con e-parent\" data-id=\"5301a09\" data-element_type=\"container\" id=\"Demandes\" data-settings=\"{&quot;background_background&quot;:&quot;classic&quot;}\">\n\t\t<div class=\"elementor-element elementor-element-8f7bbf3 e-con-full e-flex e-con e-child\" data-id=\"8f7bbf3\" data-element_type=\"container\">\n\t\t<div class=\"elementor-element elementor-element-17902a8 animated-slow e-con-full e-flex elementor-invisible e-con e-child\" data-id=\"17902a8\" data-element_type=\"container\" data-settings=\"{&quot;background_background&quot;:&quot;classic&quot;,&quot;animation&quot;:&quot;fadeInUp&quot;,&quot;animation_delay&quot;:600}\">\n\t\t\t\t<\/div>\n\t\t<div class=\"elementor-element elementor-element-23acfea e-con-full e-flex e-con e-child\" data-id=\"23acfea\" data-element_type=\"container\">\n\t\t\t\t<div class=\"elementor-element elementor-element-0ffd49e animated-slow elementor-invisible elementor-widget elementor-widget-heading\" data-id=\"0ffd49e\" data-element_type=\"widget\" data-settings=\"{&quot;_animation&quot;:&quot;slideInUp&quot;}\" data-widget_type=\"heading.default\">\n\t\t\t\t<div class=\"elementor-widget-container\">\n\t\t\t\t\t<h2 class=\"elementor-heading-title elementor-size-default\">Demandes d'autorisations minist\u00e9rielles<\/h2>\t\t\t\t<\/div>\n\t\t\t\t<\/div>\n\t\t\t\t<div class=\"elementor-element elementor-element-322cb87 elementor-widget elementor-widget-text-editor\" data-id=\"322cb87\" data-element_type=\"widget\" data-widget_type=\"text-editor.default\">\n\t\t\t\t<div class=\"elementor-widget-container\">\n\t\t\t\t\t\t\t\t\t<p>Texte \u00e0 venir<\/p>\t\t\t\t\t\t\t\t<\/div>\n\t\t\t\t<\/div>\n\t\t\t\t<\/div>\n\t\t\t\t<\/div>\n\t\t<div class=\"elementor-element elementor-element-ea9bde3 e-con-full e-flex e-con e-child\" data-id=\"ea9bde3\" data-element_type=\"container\" id=\"Valorisation\" data-settings=\"{&quot;background_background&quot;:&quot;classic&quot;}\">\n\t\t<div class=\"elementor-element elementor-element-169b8d4 e-con-full e-flex e-con e-child\" data-id=\"169b8d4\" data-element_type=\"container\">\n\t\t<div class=\"elementor-element elementor-element-05ac97b e-con-full e-flex e-con e-child\" data-id=\"05ac97b\" data-element_type=\"container\">\n\t\t\t\t<div class=\"elementor-element elementor-element-eafb47f animated-slow elementor-invisible elementor-widget elementor-widget-heading\" data-id=\"eafb47f\" data-element_type=\"widget\" data-settings=\"{&quot;_animation&quot;:&quot;slideInUp&quot;}\" data-widget_type=\"heading.default\">\n\t\t\t\t<div class=\"elementor-widget-container\">\n\t\t\t\t\t<h2 class=\"elementor-heading-title elementor-size-default\">Valorisation et protection de la faune<\/h2>\t\t\t\t<\/div>\n\t\t\t\t<\/div>\n\t\t\t\t<div class=\"elementor-element elementor-element-c68e37b elementor-widget elementor-widget-text-editor\" data-id=\"c68e37b\" data-element_type=\"widget\" data-widget_type=\"text-editor.default\">\n\t\t\t\t<div class=\"elementor-widget-container\">\n\t\t\t\t\t\t\t\t\t<p>Texte \u00e0 venir<\/p>\t\t\t\t\t\t\t\t<\/div>\n\t\t\t\t<\/div>\n\t\t\t\t<\/div>\n\t\t<div class=\"elementor-element elementor-element-2125125 animated-slow e-con-full e-flex elementor-invisible e-con e-child\" data-id=\"2125125\" data-element_type=\"container\" data-settings=\"{&quot;background_background&quot;:&quot;classic&quot;,&quot;animation&quot;:&quot;fadeInUp&quot;,&quot;animation_delay&quot;:600}\">\n\t\t\t\t<\/div>\n\t\t\t\t<\/div>\n\t\t\t\t<\/div>\n\t\t\t\t<\/div>\n\t\t<div class=\"elementor-element elementor-element-b9c9dde e-con-full e-flex e-con e-parent\" data-id=\"b9c9dde\" data-element_type=\"container\" id=\"\u00c9tudes\" data-settings=\"{&quot;background_background&quot;:&quot;classic&quot;}\">\n\t\t<div class=\"elementor-element elementor-element-1067b08 e-con-full e-flex e-con e-child\" data-id=\"1067b08\" data-element_type=\"container\">\n\t\t<div class=\"elementor-element elementor-element-f84066b animated-slow e-con-full e-flex elementor-invisible e-con e-child\" data-id=\"f84066b\" data-element_type=\"container\" data-settings=\"{&quot;background_background&quot;:&quot;classic&quot;,&quot;animation&quot;:&quot;fadeInUp&quot;,&quot;animation_delay&quot;:600}\">\n\t\t\t\t<\/div>\n\t\t<div class=\"elementor-element elementor-element-829218e e-con-full e-flex e-con e-child\" data-id=\"829218e\" data-element_type=\"container\">\n\t\t\t\t<div class=\"elementor-element elementor-element-f6c0f51 animated-slow elementor-invisible elementor-widget elementor-widget-heading\" data-id=\"f6c0f51\" data-element_type=\"widget\" data-settings=\"{&quot;_animation&quot;:&quot;slideInUp&quot;}\" data-widget_type=\"heading.default\">\n\t\t\t\t<div class=\"elementor-widget-container\">\n\t\t\t\t\t<h2 class=\"elementor-heading-title elementor-size-default\">\u00c9tudes des cours d'eau<\/h2>\t\t\t\t<\/div>\n\t\t\t\t<\/div>\n\t\t\t\t<div class=\"elementor-element elementor-element-17282d3 elementor-widget elementor-widget-text-editor\" data-id=\"17282d3\" data-element_type=\"widget\" data-widget_type=\"text-editor.default\">\n\t\t\t\t<div class=\"elementor-widget-container\">\n\t\t\t\t\t\t\t\t\t<p>Texte \u00e0 venir<\/p>\t\t\t\t\t\t\t\t<\/div>\n\t\t\t\t<\/div>\n\t\t\t\t<\/div>\n\t\t\t\t<\/div>\n\t\t<div class=\"elementor-element elementor-element-b791612 e-con-full e-flex e-con e-child\" data-id=\"b791612\" data-element_type=\"container\" id=\"Accompagnement\" data-settings=\"{&quot;background_background&quot;:&quot;classic&quot;}\">\n\t\t<div class=\"elementor-element elementor-element-337f4d3 e-con-full e-flex e-con e-child\" data-id=\"337f4d3\" data-element_type=\"container\">\n\t\t<div class=\"elementor-element elementor-element-ada1746 e-con-full e-flex e-con e-child\" data-id=\"ada1746\" data-element_type=\"container\">\n\t\t\t\t<div class=\"elementor-element elementor-element-e3a886a animated-slow elementor-invisible elementor-widget elementor-widget-heading\" data-id=\"e3a886a\" data-element_type=\"widget\" data-settings=\"{&quot;_animation&quot;:&quot;slideInUp&quot;}\" data-widget_type=\"heading.default\">\n\t\t\t\t<div class=\"elementor-widget-container\">\n\t\t\t\t\t<h2 class=\"elementor-heading-title elementor-size-default\">Accompagnement personnalis\u00e9 et service-conseil<\/h2>\t\t\t\t<\/div>\n\t\t\t\t<\/div>\n\t\t\t\t<div class=\"elementor-element elementor-element-2ddf9f8 elementor-widget elementor-widget-text-editor\" data-id=\"2ddf9f8\" data-element_type=\"widget\" data-widget_type=\"text-editor.default\">\n\t\t\t\t<div class=\"elementor-widget-container\">\n\t\t\t\t\t\t\t\t\t<p>Texte \u00e0 venir<\/p>\t\t\t\t\t\t\t\t<\/div>\n\t\t\t\t<\/div>\n\t\t\t\t<\/div>\n\t\t<div class=\"elementor-element elementor-element-99143a6 animated-slow e-con-full e-flex elementor-invisible e-con e-child\" data-id=\"99143a6\" data-element_type=\"container\" data-settings=\"{&quot;background_background&quot;:&quot;classic&quot;,&quot;animation&quot;:&quot;fadeInUp&quot;,&quot;animation_delay&quot;:600}\">\n\t\t\t\t<\/div>\n\t\t\t\t<\/div>\n\t\t\t\t<\/div>\n\t\t\t\t<\/div>\n\t\t\t\t<\/div>\n\t\t","protected":false},"excerpt":{"rendered":"<p>Tous nos services Nos services Nous proposons une large gamme de services en lien avec les \u00e9tudes biologiques n\u00e9cessaires \u00e0 la r\u00e9alisation de divers projets (construction, am\u00e9nagement, restauration et valorisation de milieux naturels, &#8230;). Notre \u00e9quipe est l\u00e0 pour vous accompagner du d\u00e9but \u00e0 la fin de votre projet. Caract\u00e9risations biologiques Texte \u00e0 venir \u00c9laboration [&hellip;]<\/p>\n","protected":false},"author":1,"featured_media":0,"parent":0,"menu_order":0,"comment_status":"closed","ping_status":"closed","template":"","meta":{"footnotes":""},"class_list":["post-45","page","type-page","status-publish","hentry"],"_links":{"self":[{"href":"https:\/\/enviroguideal.com\/index.php\/wp-json\/wp\/v2\/pages\/45","targetHints":{"allow":["GET"]}}],"collection":[{"href":"https:\/\/enviroguideal.com\/index.php\/wp-json\/wp\/v2\/pages"}],"about":[{"href":"https:\/\/enviroguideal.com\/index.php\/wp-json\/wp\/v2\/types\/page"}],"author":[{"embeddable":true,"href":"https:\/\/enviroguideal.com\/index.php\/wp-json\/wp\/v2\/users\/1"}],"replies":[{"embeddable":true,"href":"https:\/\/enviroguideal.com\/index.php\/wp-json\/wp\/v2\/comments?post=45"}],"version-history":[{"count":326,"href":"https:\/\/enviroguideal.com\/index.php\/wp-json\/wp\/v2\/pages\/45\/revisions"}],"predecessor-version":[{"id":2966,"href":"https:\/\/enviroguideal.com\/index.php\/wp-json\/wp\/v2\/pages\/45\/revisions\/2966"}],"wp:attachment":[{"href":"https:\/\/enviroguideal.com\/index.php\/wp-json\/wp\/v2\/media?parent=45"}],"curies":[{"name":"wp","href":"https:\/\/api.w.org\/{rel}","templated":true}]}}