{"id":1717,"date":"2026-03-12T13:58:20","date_gmt":"2026-03-12T13:58:20","guid":{"rendered":"https:\/\/enviroguideal.com\/?page_id=1717"},"modified":"2026-04-29T19:43:12","modified_gmt":"2026-04-29T19:43:12","slug":"a-propos","status":"publish","type":"page","link":"https:\/\/enviroguideal.com\/index.php\/a-propos\/","title":{"rendered":"\u00c0 propos"},"content":{"rendered":"\t\t<div data-elementor-type=\"wp-page\" data-elementor-id=\"1717\" class=\"elementor elementor-1717\" data-elementor-post-type=\"page\">\n\t\t\t\t<div class=\"elementor-element elementor-element-1bd56c91 e-con-full e-flex e-con e-parent\" data-id=\"1bd56c91\" data-element_type=\"container\" data-settings=\"{&quot;background_background&quot;:&quot;classic&quot;}\">\n\t\t\t\t<div class=\"elementor-element elementor-element-c22ff1 animated-slow elementor-invisible elementor-widget elementor-widget-heading\" data-id=\"c22ff1\" data-element_type=\"widget\" data-settings=\"{&quot;_animation&quot;:&quot;slideInUp&quot;}\" data-widget_type=\"heading.default\">\n\t\t\t\t<div class=\"elementor-widget-container\">\n\t\t\t\t\t<h2 class=\"elementor-heading-title elementor-size-default\">\u00c0 propos<\/h2>\t\t\t\t<\/div>\n\t\t\t\t<\/div>\n\t\t<div class=\"elementor-element elementor-element-490cf8ab e-con-full e-flex e-con e-child\" data-id=\"490cf8ab\" data-element_type=\"container\">\n\t\t<div class=\"elementor-element elementor-element-45c7d330 animated-slow e-con-full e-flex elementor-invisible e-con e-child\" data-id=\"45c7d330\" data-element_type=\"container\" data-settings=\"{&quot;background_background&quot;:&quot;classic&quot;,&quot;animation&quot;:&quot;fadeInUp&quot;,&quot;animation_delay&quot;:600}\">\n\t\t\t\t<\/div>\n\t\t<div class=\"elementor-element elementor-element-115629d5 e-con-full e-flex e-con e-child\" data-id=\"115629d5\" data-element_type=\"container\">\n\t\t\t\t<div class=\"elementor-element elementor-element-c500cce elementor-widget elementor-widget-text-editor\" data-id=\"c500cce\" data-element_type=\"widget\" data-widget_type=\"text-editor.default\">\n\t\t\t\t<div class=\"elementor-widget-container\">\n\t\t\t\t\t\t\t\t\t<p>Enviro-Guide A.L. inc. est une entreprise de consultants en environnement, fond\u00e9e au d\u00e9but des ann\u00e9es 1990 par M. Andr\u00e9 Legault, botaniste reconnu au Qu\u00e9bec. Au fil des ann\u00e9es, Enviro-Guide a d\u00e9velopp\u00e9 une expertise dans la caract\u00e9risation des milieux naturels, en particulier des milieux humides, et est devenu un acteur important de la biologie en Estrie.<\/p><p>L\u2019entreprise est aujourd\u2019hui dirig\u00e9e par M. Fernand-Jr Gaucher, biologiste senior qui cumule 15 ann\u00e9es d\u2019exp\u00e9rience dans la r\u00e9alisation d\u2019\u00e9tudes environnementales et de caract\u00e9risations biologiques. L\u2019\u00e9quipe d\u2019Enviro-Guide compte aujourd\u2019hui 6 biologistes passionn\u00e9s et impliqu\u00e9s.<\/p><p>Au cours des derni\u00e8res ann\u00e9es, notre \u00e9quipe a r\u00e9alis\u00e9 une diversit\u00e9 de missions \u00e0 travers le Qu\u00e9bec : nous r\u00e9alisons des \u00e9tudes biologiques dans le cadre de projets de construction ou d\u2019am\u00e9nagement, de restauration de milieux naturels, d\u2019acquisition de connaissances, de valorisation des milieux naturels, de protection des esp\u00e8ces animales et v\u00e9g\u00e9tales, \u2026<\/p><p>Nous accompagnons \u00e9galement une diversit\u00e9 de clients : municipalit\u00e9s, promoteurs immobiliers, urbanistes, particuliers, entreprises, organismes de protection de la nature, soci\u00e9t\u00e9s d\u2019\u00c9tat, &#8230;<\/p><p>Jetez un \u0153il \u00e0 nos projets pour en savoir plus :<\/p>\t\t\t\t\t\t\t\t<\/div>\n\t\t\t\t<\/div>\n\t\t\t\t<div class=\"elementor-element elementor-element-36094cd e-transform elementor-absolute elementor-view-default elementor-widget elementor-widget-icon\" data-id=\"36094cd\" data-element_type=\"widget\" data-settings=\"{&quot;_transform_scale_effect_hover&quot;:{&quot;unit&quot;:&quot;px&quot;,&quot;size&quot;:1.100000000000000088817841970012523233890533447265625,&quot;sizes&quot;:[]},&quot;_position&quot;:&quot;absolute&quot;,&quot;_transform_scale_effect_hover_tablet&quot;:{&quot;unit&quot;:&quot;px&quot;,&quot;size&quot;:&quot;&quot;,&quot;sizes&quot;:[]},&quot;_transform_scale_effect_hover_mobile&quot;:{&quot;unit&quot;:&quot;px&quot;,&quot;size&quot;:&quot;&quot;,&quot;sizes&quot;:[]}}\" data-widget_type=\"icon.default\">\n\t\t\t\t<div class=\"elementor-widget-container\">\n\t\t\t\t\t\t\t<div class=\"elementor-icon-wrapper\">\n\t\t\t<a class=\"elementor-icon\" href=\"https:\/\/enviroguideal.com\/index.php\/nos-realisations\/\">\n\t\t\t<svg aria-hidden=\"true\" class=\"e-font-icon-svg e-far-arrow-alt-circle-right\" viewBox=\"0 0 512 512\" xmlns=\"http:\/\/www.w3.org\/2000\/svg\"><path d=\"M504 256C504 119 393 8 256 8S8 119 8 256s111 248 248 248 248-111 248-248zm-448 0c0-110.5 89.5-200 200-200s200 89.5 200 200-89.5 200-200 200S56 366.5 56 256zm72 20v-40c0-6.6 5.4-12 12-12h116v-67c0-10.7 12.9-16 20.5-8.5l99 99c4.7 4.7 4.7 12.3 0 17l-99 99c-7.6 7.6-20.5 2.2-20.5-8.5v-67H140c-6.6 0-12-5.4-12-12z\"><\/path><\/svg>\t\t\t<\/a>\n\t\t<\/div>\n\t\t\t\t\t\t<\/div>\n\t\t\t\t<\/div>\n\t\t\t\t<\/div>\n\t\t\t\t<\/div>\n\t\t\t\t<\/div>\n\t\t<div class=\"elementor-element elementor-element-2ca7997 e-flex e-con-boxed e-con e-parent\" data-id=\"2ca7997\" data-element_type=\"container\">\n\t\t\t\t\t<div class=\"e-con-inner\">\n\t\t\t\t<div class=\"elementor-element elementor-element-6662adf elementor-widget elementor-widget-spacer\" data-id=\"6662adf\" data-element_type=\"widget\" data-widget_type=\"spacer.default\">\n\t\t\t\t<div class=\"elementor-widget-container\">\n\t\t\t\t\t\t\t<div class=\"elementor-spacer\">\n\t\t\t<div class=\"elementor-spacer-inner\"><\/div>\n\t\t<\/div>\n\t\t\t\t\t\t<\/div>\n\t\t\t\t<\/div>\n\t\t\t\t\t<\/div>\n\t\t\t\t<\/div>\n\t\t<div class=\"elementor-element elementor-element-49e669d2 e-flex e-con-boxed e-con e-parent\" data-id=\"49e669d2\" data-element_type=\"container\" data-settings=\"{&quot;background_background&quot;:&quot;classic&quot;}\">\n\t\t\t\t\t<div class=\"e-con-inner\">\n\t\t<div class=\"elementor-element elementor-element-56f6b33c e-con-full e-flex e-con e-child\" data-id=\"56f6b33c\" data-element_type=\"container\">\n\t\t\t\t<div class=\"elementor-element elementor-element-cd54d20 animated-slow elementor-invisible elementor-widget elementor-widget-heading\" data-id=\"cd54d20\" data-element_type=\"widget\" data-settings=\"{&quot;_animation&quot;:&quot;slideInUp&quot;}\" data-widget_type=\"heading.default\">\n\t\t\t\t<div class=\"elementor-widget-container\">\n\t\t\t\t\t<h2 class=\"elementor-heading-title elementor-size-default\">Rayon d'action<\/h2>\t\t\t\t<\/div>\n\t\t\t\t<\/div>\n\t\t\t\t<div class=\"elementor-element elementor-element-7c537145 elementor-widget elementor-widget-text-editor\" data-id=\"7c537145\" data-element_type=\"widget\" data-widget_type=\"text-editor.default\">\n\t\t\t\t<div class=\"elementor-widget-container\">\n\t\t\t\t\t\t\t\t\t<p>Nous intervenons principalement dans le Sud du Qu\u00e9bec, en Estrie et en Mont\u00e9r\u00e9gie. Notre rayon d\u2019action s\u2019\u00e9tend \u00e9galement dans d\u2019autres r\u00e9gions du Qu\u00e9bec : Centre-du-Qu\u00e9bec, Laurentides, Lanaudi\u00e8re, ou encore la C\u00f4te-Nord, l\u2019Abitibi, les \u00celes-de-la-Madeleine\u2026<\/p><p>Vous avez un projet sur un terrain ? Contactez-nous pour obtenir une soumission gratuite, quelle que soit la localisation de votre projet !<\/p>\t\t\t\t\t\t\t\t<\/div>\n\t\t\t\t<\/div>\n\t\t\t\t<div class=\"elementor-element elementor-element-da7040a e-transform elementor-view-default elementor-widget elementor-widget-icon\" data-id=\"da7040a\" data-element_type=\"widget\" data-settings=\"{&quot;_transform_scale_effect_hover&quot;:{&quot;unit&quot;:&quot;px&quot;,&quot;size&quot;:1.100000000000000088817841970012523233890533447265625,&quot;sizes&quot;:[]},&quot;_transform_scale_effect_hover_tablet&quot;:{&quot;unit&quot;:&quot;px&quot;,&quot;size&quot;:&quot;&quot;,&quot;sizes&quot;:[]},&quot;_transform_scale_effect_hover_mobile&quot;:{&quot;unit&quot;:&quot;px&quot;,&quot;size&quot;:&quot;&quot;,&quot;sizes&quot;:[]}}\" data-widget_type=\"icon.default\">\n\t\t\t\t<div class=\"elementor-widget-container\">\n\t\t\t\t\t\t\t<div class=\"elementor-icon-wrapper\">\n\t\t\t<a class=\"elementor-icon\" href=\"https:\/\/enviroguideal.com\/index.php\/nous-joindre\/\">\n\t\t\t<svg aria-hidden=\"true\" class=\"e-font-icon-svg e-far-arrow-alt-circle-right\" viewBox=\"0 0 512 512\" xmlns=\"http:\/\/www.w3.org\/2000\/svg\"><path d=\"M504 256C504 119 393 8 256 8S8 119 8 256s111 248 248 248 248-111 248-248zm-448 0c0-110.5 89.5-200 200-200s200 89.5 200 200-89.5 200-200 200S56 366.5 56 256zm72 20v-40c0-6.6 5.4-12 12-12h116v-67c0-10.7 12.9-16 20.5-8.5l99 99c4.7 4.7 4.7 12.3 0 17l-99 99c-7.6 7.6-20.5 2.2-20.5-8.5v-67H140c-6.6 0-12-5.4-12-12z\"><\/path><\/svg>\t\t\t<\/a>\n\t\t<\/div>\n\t\t\t\t\t\t<\/div>\n\t\t\t\t<\/div>\n\t\t\t\t<\/div>\n\t\t\t\t<div class=\"elementor-element elementor-element-32abddfd elementor-widget elementor-widget-image\" data-id=\"32abddfd\" data-element_type=\"widget\" data-widget_type=\"image.default\">\n\t\t\t\t<div class=\"elementor-widget-container\">\n\t\t\t\t\t\t\t\t\t\t\t\t\t\t\t<img fetchpriority=\"high\" decoding=\"async\" width=\"800\" height=\"620\" src=\"https:\/\/enviroguideal.com\/wp-content\/uploads\/2026\/03\/craigclark-map-2088308_1920-1024x793.png\" class=\"attachment-large size-large wp-image-2506\" alt=\"\" srcset=\"https:\/\/enviroguideal.com\/wp-content\/uploads\/2026\/03\/craigclark-map-2088308_1920-1024x793.png 1024w, https:\/\/enviroguideal.com\/wp-content\/uploads\/2026\/03\/craigclark-map-2088308_1920-300x232.png 300w, https:\/\/enviroguideal.com\/wp-content\/uploads\/2026\/03\/craigclark-map-2088308_1920-768x595.png 768w, https:\/\/enviroguideal.com\/wp-content\/uploads\/2026\/03\/craigclark-map-2088308_1920-1536x1190.png 1536w, https:\/\/enviroguideal.com\/wp-content\/uploads\/2026\/03\/craigclark-map-2088308_1920.png 1920w\" sizes=\"(max-width: 800px) 100vw, 800px\" \/>\t\t\t\t\t\t\t\t\t\t\t\t\t\t\t<\/div>\n\t\t\t\t<\/div>\n\t\t\t\t\t<\/div>\n\t\t\t\t<\/div>\n\t\t\t\t<\/div>\n\t\t","protected":false},"excerpt":{"rendered":"<p>\u00c0 propos Enviro-Guide A.L. inc. est une entreprise de consultants en environnement, fond\u00e9e au d\u00e9but des ann\u00e9es 1990 par M. Andr\u00e9 Legault, botaniste reconnu au Qu\u00e9bec. Au fil des ann\u00e9es, Enviro-Guide a d\u00e9velopp\u00e9 une expertise dans la caract\u00e9risation des milieux naturels, en particulier des milieux humides, et est devenu un acteur important de la biologie [&hellip;]<\/p>\n","protected":false},"author":3,"featured_media":0,"parent":0,"menu_order":0,"comment_status":"closed","ping_status":"closed","template":"","meta":{"footnotes":""},"class_list":["post-1717","page","type-page","status-publish","hentry"],"_links":{"self":[{"href":"https:\/\/enviroguideal.com\/index.php\/wp-json\/wp\/v2\/pages\/1717","targetHints":{"allow":["GET"]}}],"collection":[{"href":"https:\/\/enviroguideal.com\/index.php\/wp-json\/wp\/v2\/pages"}],"about":[{"href":"https:\/\/enviroguideal.com\/index.php\/wp-json\/wp\/v2\/types\/page"}],"author":[{"embeddable":true,"href":"https:\/\/enviroguideal.com\/index.php\/wp-json\/wp\/v2\/users\/3"}],"replies":[{"embeddable":true,"href":"https:\/\/enviroguideal.com\/index.php\/wp-json\/wp\/v2\/comments?post=1717"}],"version-history":[{"count":70,"href":"https:\/\/enviroguideal.com\/index.php\/wp-json\/wp\/v2\/pages\/1717\/revisions"}],"predecessor-version":[{"id":2911,"href":"https:\/\/enviroguideal.com\/index.php\/wp-json\/wp\/v2\/pages\/1717\/revisions\/2911"}],"wp:attachment":[{"href":"https:\/\/enviroguideal.com\/index.php\/wp-json\/wp\/v2\/media?parent=1717"}],"curies":[{"name":"wp","href":"https:\/\/api.w.org\/{rel}","templated":true}]}}